{"id":1163,"date":"2023-07-20T16:58:07","date_gmt":"2023-07-20T16:58:07","guid":{"rendered":"https:\/\/deep-ocean.com\/?page_id=1163"},"modified":"2023-07-20T16:58:07","modified_gmt":"2023-07-20T16:58:07","slug":"cookie-policy","status":"publish","type":"page","link":"https:\/\/deep-ocean.com\/eng\/cookie-policy\/","title":{"rendered":"Cookie policy"},"content":{"rendered":"\n<h2 class=\"wp-block-heading\">\u00dcber diese Cookie-Richtlinie<\/h2>\n\n\n\n<p>In dieser Cookie-Richtlinie wird erl\u00e4utert, was Cookies sind und wie wir sie verwenden, welche Arten von Cookies wir verwenden, welche Informationen wir mit Hilfe von Cookies sammeln und wie diese Informationen verwendet werden, und wie Sie die Cookie-Einstellungen steuern k\u00f6nnen. Weitere Informationen dar\u00fcber, wie wir Ihre pers\u00f6nlichen Daten verwenden, speichern und sicher aufbewahren, finden Sie in unserer Datenschutzrichtlinie.<\/p>\n\n\n\n<p>Sie k\u00f6nnen Ihre Einwilligung in der Cookie-Erkl\u00e4rung auf unserer Website jederzeit \u00e4ndern oder widerrufen.<br>Weitere Informationen dar\u00fcber, wer wir sind, wie Sie uns kontaktieren k\u00f6nnen und wie wir personenbezogene Daten verarbeiten, finden Sie in unserer Datenschutzrichtlinie.<br>Ihre Einwilligung gilt f\u00fcr die folgenden Domains: <a href=\"https:\/\/deep-ocean.com\" target=\"_blank\" data-type=\"URL\" data-id=\"https:\/\/deep-ocean.com\" rel=\"noreferrer noopener\">https:\/\/deep-ocean.com<\/a><\/p>\n\n\n\n<h3 class=\"wp-block-heading\">Was sind Cookies?<\/h3>\n\n\n\n<p>Cookies sind kleine Textdateien, die dazu dienen, kleine Informationen zu speichern. Sie werden auf Ihrem Ger\u00e4t gespeichert, wenn die Website in Ihrem Browser geladen wird. Diese Cookies helfen uns, die Website ordnungsgem\u00e4\u00df funktionieren zu lassen, sie sicherer zu machen, die Benutzerfreundlichkeit zu verbessern und zu verstehen, wie die Website funktioniert, um zu analysieren, was funktioniert und wo sie verbessert werden muss.<br>Wie verwenden wir Cookies?<\/p>\n\n\n\n<p>Wie die meisten Online-Dienste verwendet auch unsere Website Erstanbieter- und Drittanbieter-Cookies f\u00fcr verschiedene Zwecke. Cookies von Erstanbietern sind in den meisten F\u00e4llen notwendig, damit die Website richtig funktioniert, und sie erfassen keine personenbezogenen Daten.<\/p>\n\n\n\n<p>Die Cookies von Drittanbietern, die auf unserer Website verwendet werden, dienen haupts\u00e4chlich dazu, zu verstehen, wie die Website funktioniert, wie Sie mit unserer Website interagieren, unsere Dienste sicher zu halten, Ihnen f\u00fcr Sie relevante Werbung zu liefern und Ihnen insgesamt eine bessere und verbesserte Benutzererfahrung zu bieten und Ihre zuk\u00fcnftigen Interaktionen mit unserer Website zu beschleunigen.<\/p>\n\n\n\n<h3 class=\"wp-block-heading\">Welche Arten von Cookies verwenden wir?<\/h3>\n\n\n\n<p>Unverzichtbar: Einige Cookies sind unerl\u00e4sslich, damit Sie die volle Funktionalit\u00e4t unserer Website nutzen k\u00f6nnen. Sie erm\u00f6glichen es uns, Benutzersitzungen aufrechtzuerhalten und Sicherheitsbedrohungen zu verhindern. Sie sammeln und speichern keine pers\u00f6nlichen Informationen. Diese Cookies erm\u00f6glichen es Ihnen zum Beispiel, sich in Ihr Konto einzuloggen, Produkte in Ihren Warenkorb zu legen und sicher zur Kasse zu gehen.<\/p>\n\n\n\n<p><strong>Statistik:<\/strong>&nbsp;Diese Cookies speichern Informationen wie die Anzahl der Besucher der Website, die Anzahl der einzelnen Besucher, welche Seiten der Website besucht wurden, die Quelle des Besuchs usw. Diese Daten helfen uns zu verstehen und zu analysieren, wie gut die Website funktioniert und wo sie verbessert werden muss.<\/p>\n\n\n\n<p><strong>Vermarktung:<\/strong>&nbsp;Auf unserer Website wird Werbung angezeigt. Diese Cookies werden verwendet, um die Werbung, die wir Ihnen zeigen, so zu personalisieren, dass sie f\u00fcr Sie sinnvoll ist. Diese Cookies helfen uns auch, die Effizienz dieser Werbekampagnen zu verfolgen.<br>Die in diesen Cookies gespeicherten Informationen k\u00f6nnen auch von Drittanbietern verwendet werden, um Ihnen Werbung auf anderen Websites im Browser anzuzeigen.<\/p>\n\n\n\n<p><strong>Funktional:<\/strong>&nbsp;Dies sind Cookies, die bestimmte nicht-essentielle Funktionen auf unserer Website unterst\u00fctzen. Zu diesen Funktionen geh\u00f6ren das Einbetten von Inhalten wie Videos oder das Teilen von Inhalten der Website auf Social-Media-Plattformen.<\/p>\n\n\n\n<p><strong>Pr\u00e4ferenzen:<\/strong>&nbsp;Diese Cookies helfen uns, Ihre Einstellungen und Browsing-Pr\u00e4ferenzen, wie z. B. Sprachpr\u00e4ferenzen, zu speichern, damit Sie bei zuk\u00fcnftigen Besuchen der Website ein besseres und effizienteres Erlebnis haben.<\/p>\n\n\n\n<p>In der folgenden Liste sind die auf unserer Website verwendeten Cookies aufgef\u00fchrt.<\/p>\n\n\n\n<figure class=\"wp-block-table\"><table><thead><tr><th>COOKIE<\/th><th>BESCHREIBUNG<\/th><\/tr><\/thead><tbody><tr><td>CONSENT<\/td><td>YouTube sets this cookie via embedded youtube-videos and registers anonymous statistical data.<\/td><\/tr><tr><td>cookielawinfo-checkbox-advertisement<\/td><td>Set by the GDPR Cookie Consent plugin, this cookie is used to record the user consent for the cookies in the &#8220;Advertisement&#8221; category .<\/td><\/tr><tr><td>cookielawinfo-checkbox-analytics<\/td><td>This cookie is set by GDPR Cookie Consent plugin. The cookie is used to store the user consent for the cookies in the category &#8220;Analytics&#8221;.<\/td><\/tr><tr><td>cookielawinfo-checkbox-functional<\/td><td>The cookie is set by GDPR cookie consent to record the user consent for the cookies in the category &#8220;Functional&#8221;.<\/td><\/tr><tr><td>cookielawinfo-checkbox-necessary<\/td><td>This cookie is set by GDPR Cookie Consent plugin. The cookies is used to store the user consent for the cookies in the category &#8220;Necessary&#8221;.<\/td><\/tr><tr><td>cookielawinfo-checkbox-others<\/td><td>This cookie is set by GDPR Cookie Consent plugin. The cookie is used to store the user consent for the cookies in the category &#8220;Other.<\/td><\/tr><tr><td>cookielawinfo-checkbox-performance<\/td><td>This cookie is set by GDPR Cookie Consent plugin. The cookie is used to store the user consent for the cookies in the category &#8220;Performance&#8221;.<\/td><\/tr><tr><td>IDE<\/td><td>Google DoubleClick IDE cookies are used to store information about how the user uses the website to present them with relevant ads and according to the user profile.<\/td><\/tr><tr><td>PHPSESSID<\/td><td>This cookie is native to PHP applications. The cookie is used to store and identify a users&#8217; unique session ID for the purpose of managing user session on the website. The cookie is a session cookies and is deleted when all the browser windows are closed.<\/td><\/tr><tr><td>test_cookie<\/td><td>The test_cookie is set by doubleclick.net and is used to determine if the user&#8217;s browser supports cookies.<\/td><\/tr><tr><td>uael_visitor<\/td><td>No description<\/td><\/tr><tr><td>viewed_cookie_policy<\/td><td>The cookie is set by the GDPR Cookie Consent plugin and is used to store whether or not user has consented to the use of cookies. It does not store any personal data.<\/td><\/tr><tr><td>VISITOR_INFO1_LIVE<\/td><td>A cookie set by YouTube to measure bandwidth that determines whether the user gets the new or old player interface.<\/td><\/tr><tr><td>vuid<\/td><td>Vimeo installs this cookie to collect tracking information by setting a unique ID to embed videos to the website.<\/td><\/tr><tr><td>YSC<\/td><td>YSC cookie is set by Youtube and is used to track the views of embedded videos on Youtube pages.<\/td><\/tr><tr><td>yt-remote-connected-devices<\/td><td>YouTube sets this cookie to store the video preferences of the user using embedded YouTube video.<\/td><\/tr><tr><td>yt-remote-device-id<\/td><td>YouTube sets this cookie to store the video preferences of the user using embedded YouTube video.<\/td><\/tr><\/tbody><\/table><\/figure>\n\n\n\n<h3 class=\"wp-block-heading\">Wie kann ich die Cookie-Einstellungen kontrollieren?<\/h3>\n\n\n\n<p>Sollten Sie sich entscheiden, Ihre Pr\u00e4ferenzen zu einem sp\u00e4teren Zeitpunkt zu \u00e4ndern, k\u00f6nnen Sie auf die Registerkarte \u201cDatenschutz und Cookie-Richtlinie\u201d auf Ihrem Bildschirm klicken. Dadurch wird der Hinweis auf die Einwilligung erneut angezeigt, so dass Sie Ihre Einstellungen \u00e4ndern oder Ihre Einwilligung vollst\u00e4ndig widerrufen k\u00f6nnen.<\/p>\n\n\n\n<p>Dar\u00fcber hinaus bieten die verschiedenen Browser unterschiedliche Methoden zum Blockieren und L\u00f6schen von Cookies, die von Websites verwendet werden. Sie k\u00f6nnen die Einstellungen Ihres Browsers \u00e4ndern, um die Cookies zu blockieren\/l\u00f6schen. Weitere Informationen \u00fcber die Verwaltung und L\u00f6schung von Cookies finden Sie unter&nbsp;<a href=\"http:\/\/www.wikipedia.org\/\" target=\"_blank\" rel=\"noreferrer noopener\">wikipedia.org<\/a>,&nbsp;<a href=\"http:\/\/www.allaboutcookies.org\/\" target=\"_blank\" rel=\"noreferrer noopener\">www.allaboutcookies.org<\/a>.<\/p>\n","protected":false},"excerpt":{"rendered":"<p>\u00dcber diese Cookie-Richtlinie In dieser Cookie-Richtlinie wird erl\u00e4utert, was Cookies sind und wie wir sie verwenden, welche Arten von Cookies wir verwenden, welche Informationen wir mit Hilfe von Cookies sammeln und wie diese Informationen verwendet werden, und wie Sie die Cookie-Einstellungen steuern k\u00f6nnen. Weitere Informationen dar\u00fcber, wie wir Ihre pers\u00f6nlichen Daten verwenden, speichern und sicher&#8230;<\/p>\n","protected":false},"author":1,"featured_media":0,"parent":0,"menu_order":0,"comment_status":"closed","ping_status":"closed","template":"","meta":{"_acf_changed":false,"content-type":"","_kad_blocks_custom_css":"","_kad_blocks_head_custom_js":"","_kad_blocks_body_custom_js":"","_kad_blocks_footer_custom_js":"","_kadence_starter_templates_imported_post":false,"_kad_post_transparent":"","_kad_post_title":"","_kad_post_layout":"","_kad_post_sidebar_id":"","_kad_post_content_style":"","_kad_post_vertical_padding":"","_kad_post_feature":"","_kad_post_feature_position":"","_kad_post_header":false,"_kad_post_footer":false,"_kad_post_classname":"","footnotes":""},"class_list":["post-1163","page","type-page","status-publish","hentry"],"acf":[],"taxonomy_info":[],"featured_image_src_large":false,"author_info":{"display_name":"Charles","author_link":"https:\/\/deep-ocean.com\/eng\/author\/charles\/"},"comment_info":0,"_links":{"self":[{"href":"https:\/\/deep-ocean.com\/eng\/wp-json\/wp\/v2\/pages\/1163"}],"collection":[{"href":"https:\/\/deep-ocean.com\/eng\/wp-json\/wp\/v2\/pages"}],"about":[{"href":"https:\/\/deep-ocean.com\/eng\/wp-json\/wp\/v2\/types\/page"}],"author":[{"embeddable":true,"href":"https:\/\/deep-ocean.com\/eng\/wp-json\/wp\/v2\/users\/1"}],"replies":[{"embeddable":true,"href":"https:\/\/deep-ocean.com\/eng\/wp-json\/wp\/v2\/comments?post=1163"}],"version-history":[{"count":0,"href":"https:\/\/deep-ocean.com\/eng\/wp-json\/wp\/v2\/pages\/1163\/revisions"}],"wp:attachment":[{"href":"https:\/\/deep-ocean.com\/eng\/wp-json\/wp\/v2\/media?parent=1163"}],"curies":[{"name":"wp","href":"https:\/\/api.w.org\/{rel}","templated":true}]}}